{"id":6836,"date":"2025-11-02T18:33:54","date_gmt":"2025-11-02T23:33:54","guid":{"rendered":"https:\/\/frescazo.style\/product\/mejor-elemento\/"},"modified":"2026-05-03T18:49:58","modified_gmt":"2026-05-03T22:49:58","slug":"mejor-elemento","status":"publish","type":"product","link":"https:\/\/frescazo.style\/es\/producto\/mejor-elemento\/","title":{"rendered":"Mejor elemento &#8211; Graphic T-shirt"},"content":{"rendered":"<p>Actitud de mascota retro para quien es silenciosamente imparable. L\u00edneas limpias en blanco y negro, gorra ladeada, sonrisa lista: esta camiseta gui\u00f1a a la verdad: eres el arma secreta del equipo, aunque el jefe todav\u00eda no se haya dado cuenta. \u00dasala en los viernes casuales, los lunes de victoria y cada momento en que cargas al equipo sin aparecer en los titulares. Poder discreto. Resultados m\u00e1ximos.<\/p>\n<p>Esta camiseta es todo lo que has so\u00f1ado y m\u00e1s. Es suave y ligera, con la cantidad justa de elasticidad. Adem\u00e1s, es c\u00f3moda y realza la figura de todo el que la lleva puesta.<\/p>\n<p>\u2022 100% algod\u00f3n peinado e hilado en anillo (los tonos Heather contiene poli\u00e9ster)<br \/>\n\u2022 Peso del tejido: 142 g\/m\u00b2 (4,2 oz\/yd\u00b2)<br \/>\n\u2022 Tela preencogida<br \/>\n\u2022 Construcci\u00f3n con costuras laterales<br \/>\n\u2022 Tapeta de hombro a hombro<br \/>\n\u2022 Producto base procedente de Nicaragua, M\u00e9xico, Honduras o EEUU<\/p>","protected":false},"excerpt":{"rendered":"<p>Actitud de mascota retro para quien es silenciosamente imparable. L\u00edneas limpias en blanco y negro, gorra ladeada, sonrisa lista: esta camiseta gui\u00f1a a la verdad: eres el arma secreta del equipo, aunque el jefe todav\u00eda no se haya dado cuenta. \u00dasala en los viernes casuales, los lunes de victoria y cada momento en que cargas [&hellip;]<\/p>\n","protected":false},"featured_media":7621,"comment_status":"open","ping_status":"closed","template":"","meta":{"rs_blank_template":"","rs_page_bg_color":"","slide_template_v7":""},"product_brand":[],"product_cat":[29,22],"product_tag":[80,82,78,108],"class_list":{"0":"post-6836","1":"product","2":"type-product","3":"status-publish","4":"has-post-thumbnail","6":"product_cat-fresh-and-cool","7":"product_cat-t-shirts","8":"product_tag-cultural","9":"product_tag-roots","10":"product_tag-t-shirt","11":"product_tag-trabajo","13":"first","14":"instock","15":"taxable","16":"shipping-taxable","17":"purchasable","18":"product-type-variable","19":"add-to-wishlist-after_add_to_cart"},"jetpack_sharing_enabled":true,"_links":{"self":[{"href":"https:\/\/frescazo.style\/es\/wp-json\/wp\/v2\/product\/6836","targetHints":{"allow":["GET"]}}],"collection":[{"href":"https:\/\/frescazo.style\/es\/wp-json\/wp\/v2\/product"}],"about":[{"href":"https:\/\/frescazo.style\/es\/wp-json\/wp\/v2\/types\/product"}],"replies":[{"embeddable":true,"href":"https:\/\/frescazo.style\/es\/wp-json\/wp\/v2\/comments?post=6836"}],"wp:featuredmedia":[{"embeddable":true,"href":"https:\/\/frescazo.style\/es\/wp-json\/wp\/v2\/media\/7621"}],"wp:attachment":[{"href":"https:\/\/frescazo.style\/es\/wp-json\/wp\/v2\/media?parent=6836"}],"wp:term":[{"taxonomy":"product_brand","embeddable":true,"href":"https:\/\/frescazo.style\/es\/wp-json\/wp\/v2\/product_brand?post=6836"},{"taxonomy":"product_cat","embeddable":true,"href":"https:\/\/frescazo.style\/es\/wp-json\/wp\/v2\/product_cat?post=6836"},{"taxonomy":"product_tag","embeddable":true,"href":"https:\/\/frescazo.style\/es\/wp-json\/wp\/v2\/product_tag?post=6836"}],"curies":[{"name":"wp","href":"https:\/\/api.w.org\/{rel}","templated":true}]}}