{"id":6673,"date":"2025-10-26T21:40:20","date_gmt":"2025-10-27T01:40:20","guid":{"rendered":"https:\/\/frescazo.style\/product\/siete-oficios-catorce-necesidades\/"},"modified":"2026-01-04T19:09:44","modified_gmt":"2026-01-05T00:09:44","slug":"siete-oficios-catorce-necesidades","status":"publish","type":"product","link":"https:\/\/frescazo.style\/es\/producto\/siete-oficios-catorce-necesidades\/","title":{"rendered":"Siete oficios, Catorce necesidades"},"content":{"rendered":"<p>El mantra del que trabaja sin parar, en letras audaces: Siete oficios, catorce necesidades. Esta camiseta rinde homenaje al esfuerzo de llevar muchos sombreros: manos manchadas de pintura y grasa, bolsillos llenos de herramientas y recibos, y el coraz\u00f3n decidido a hacerlo realidad de todos modos. Dise\u00f1o minimalista, mensaje m\u00e1ximo: resiliencia sobre excusas, oficio sobre fama. P\u00f3ntela cuando tu d\u00eda tenga doce pesta\u00f1as abiertas y aun as\u00ed digas que s\u00ed: ingenioso, incansable y hecho para m\u00e1s.<\/p>\n<p>Te vamos a hacer una oferta que no podr\u00e1s rechazar: la mejor camiseta 100 % de algod\u00f3n que has probado en tu vida. \u00bfTela pre-encogida? Check. \u00bfConstrucci\u00f3n con costuras laterales? Check. \u00bfEl mejor fit de todos? Doble check.<\/p>\n<p class=\"translation-block\">\u2022 100 % algod\u00f3n peinado y ring-spun (los colores jaspeados contienen poli\u00e9ster)<br>\n\u2022 Peso de la tela: 4.2 oz\/yd\u00b2 (142 g\/m\u00b2)<br>\n\u2022 Tela pre-encogida<br>\n\u2022 Construcci\u00f3n con costuras laterales<br>\n\u2022 Refuerzo de hombro a hombro<br>\n\u2022 Producto en blanco originario de Guatemala, Nicaragua, M\u00e9xico, Honduras o EE. UU.<\/p>","protected":false},"excerpt":{"rendered":"<p>El mantra del que trabaja sin parar, en letras audaces: Siete oficios, catorce necesidades. Esta camiseta rinde homenaje al esfuerzo de llevar muchos sombreros: manos manchadas de pintura y grasa, bolsillos llenos de herramientas y recibos, y el coraz\u00f3n decidido a hacerlo realidad de todos modos. Dise\u00f1o minimalista, mensaje m\u00e1ximo: resiliencia sobre excusas, oficio sobre [&hellip;]<\/p>\n","protected":false},"featured_media":7607,"comment_status":"open","ping_status":"closed","template":"","meta":{"rs_blank_template":"","rs_page_bg_color":"","slide_template_v7":""},"product_brand":[],"product_cat":[29,22],"product_tag":[80,79,83,82,78],"class_list":{"0":"post-6673","1":"product","2":"type-product","3":"status-publish","4":"has-post-thumbnail","6":"product_cat-fresh-and-cool","7":"product_cat-t-shirts","8":"product_tag-cultural","9":"product_tag-heritage","10":"product_tag-latin-america","11":"product_tag-roots","12":"product_tag-t-shirt","14":"first","15":"instock","16":"taxable","17":"shipping-taxable","18":"purchasable","19":"product-type-variable","20":"has-default-attributes","21":"add-to-wishlist-after_add_to_cart"},"jetpack_sharing_enabled":true,"_links":{"self":[{"href":"https:\/\/frescazo.style\/es\/wp-json\/wp\/v2\/product\/6673","targetHints":{"allow":["GET"]}}],"collection":[{"href":"https:\/\/frescazo.style\/es\/wp-json\/wp\/v2\/product"}],"about":[{"href":"https:\/\/frescazo.style\/es\/wp-json\/wp\/v2\/types\/product"}],"replies":[{"embeddable":true,"href":"https:\/\/frescazo.style\/es\/wp-json\/wp\/v2\/comments?post=6673"}],"wp:featuredmedia":[{"embeddable":true,"href":"https:\/\/frescazo.style\/es\/wp-json\/wp\/v2\/media\/7607"}],"wp:attachment":[{"href":"https:\/\/frescazo.style\/es\/wp-json\/wp\/v2\/media?parent=6673"}],"wp:term":[{"taxonomy":"product_brand","embeddable":true,"href":"https:\/\/frescazo.style\/es\/wp-json\/wp\/v2\/product_brand?post=6673"},{"taxonomy":"product_cat","embeddable":true,"href":"https:\/\/frescazo.style\/es\/wp-json\/wp\/v2\/product_cat?post=6673"},{"taxonomy":"product_tag","embeddable":true,"href":"https:\/\/frescazo.style\/es\/wp-json\/wp\/v2\/product_tag?post=6673"}],"curies":[{"name":"wp","href":"https:\/\/api.w.org\/{rel}","templated":true}]}}