{"id":3979,"date":"2025-07-20T16:56:53","date_gmt":"2025-07-20T20:56:53","guid":{"rendered":"https:\/\/frescazo.style\/?page_id=3979"},"modified":"2025-11-30T16:44:55","modified_gmt":"2025-11-30T21:44:55","slug":"terms-and-conditions","status":"publish","type":"page","link":"https:\/\/frescazo.style\/es\/terms-and-conditions\/","title":{"rendered":"Terms &#038; Conditions"},"content":{"rendered":"<div data-elementor-type=\"wp-page\" data-elementor-id=\"3979\" class=\"elementor elementor-3979\" data-elementor-post-type=\"page\">\n\t\t\t\t<div class=\"elementor-element elementor-element-ee53d4c e-con-full section-title e-flex e-con e-parent\" data-id=\"ee53d4c\" data-element_type=\"container\" data-e-type=\"container\" data-settings=\"{&quot;background_background&quot;:&quot;classic&quot;,&quot;shape_divider_bottom&quot;:&quot;opacity-fan&quot;}\">\n\t\t\t\t<div class=\"elementor-shape elementor-shape-bottom\" aria-hidden=\"true\" data-negative=\"false\">\n\t\t\t<svg xmlns=\"http:\/\/www.w3.org\/2000\/svg\" viewbox=\"0 0 283.5 19.6\" preserveaspectratio=\"none\">\n\t<path class=\"elementor-shape-fill\" style=\"opacity:0.33\" d=\"M0 0L0 18.8 141.8 4.1 283.5 18.8 283.5 0z\"\/>\n\t<path class=\"elementor-shape-fill\" style=\"opacity:0.33\" d=\"M0 0L0 12.6 141.8 4 283.5 12.6 283.5 0z\"\/>\n\t<path class=\"elementor-shape-fill\" style=\"opacity:0.33\" d=\"M0 0L0 6.4 141.8 4 283.5 6.4 283.5 0z\"\/>\n\t<path class=\"elementor-shape-fill\" d=\"M0 0L0 1.2 141.8 4 283.5 1.2 283.5 0z\"\/>\n<\/svg>\t\t<\/div>\n\t\t\t\t<div class=\"elementor-element elementor-element-639015f elementor-widget elementor-widget-heading\" data-id=\"639015f\" data-element_type=\"widget\" data-e-type=\"widget\" data-widget_type=\"heading.default\">\n\t\t\t\t<div class=\"elementor-widget-container\">\n\t\t\t\t\t<h2 class=\"elementor-heading-title elementor-size-default\">T\u00e9rminos y Condiciones<\/h2>\t\t\t\t<\/div>\n\t\t\t\t<\/div>\n\t\t\t\t<div class=\"elementor-element elementor-element-034caba elementor-widget elementor-widget-heading\" data-id=\"034caba\" data-element_type=\"widget\" data-e-type=\"widget\" data-widget_type=\"heading.default\">\n\t\t\t\t<div class=\"elementor-widget-container\">\n\t\t\t\t\t<h4 class=\"elementor-heading-title elementor-size-default\">Pol\u00edticas de Frescazo Style<\/h4>\t\t\t\t<\/div>\n\t\t\t\t<\/div>\n\t\t\t\t<\/div>\n\t\t<div class=\"elementor-element elementor-element-32626424 e-flex e-con-boxed e-con e-parent\" data-id=\"32626424\" data-element_type=\"container\" data-e-type=\"container\">\n\t\t\t\t\t<div class=\"e-con-inner\">\n\t\t\t\t<div class=\"elementor-element elementor-element-ef4d9c7 elementor-widget elementor-widget-text-editor\" data-id=\"ef4d9c7\" data-element_type=\"widget\" data-e-type=\"widget\" data-widget_type=\"text-editor.default\">\n\t\t\t\t<div class=\"elementor-widget-container\">\n\t\t\t\t\t\t\t\t\t<p><strong>\u00daltima actualizaci\u00f3n:<\/strong> 28 de Noviembre, 2025<\/p>\t\t\t\t\t\t\t\t<\/div>\n\t\t\t\t<\/div>\n\t\t\t\t<div class=\"elementor-element elementor-element-49ac53f elementor-widget elementor-widget-heading\" data-id=\"49ac53f\" data-element_type=\"widget\" data-e-type=\"widget\" data-widget_type=\"heading.default\">\n\t\t\t\t<div class=\"elementor-widget-container\">\n\t\t\t\t\t<h2 class=\"elementor-heading-title elementor-size-default\">Introducci\u00f3n<\/h2>\t\t\t\t<\/div>\n\t\t\t\t<\/div>\n\t\t\t\t<div class=\"elementor-element elementor-element-de57fb0 elementor-widget elementor-widget-text-editor\" data-id=\"de57fb0\" data-element_type=\"widget\" data-e-type=\"widget\" data-widget_type=\"text-editor.default\">\n\t\t\t\t<div class=\"elementor-widget-container\">\n\t\t\t\t\t\t\t\t\t<p>Estos T\u00e9rminos y Condiciones (\u201cT\u00e9rminos\u201d) rigen tu acceso y uso de frescazo.style (el \u201cSitio\u201d) y cualquier compra de productos o servicios ofrecidos por Frescazo Style LLC (\u201cFrescazo Style\u201d, \u201cnosotros\u201d, \u201cnos\u201d o \u201cnuestro\u201d). Al acceder al Sitio, crear una cuenta o realizar un pedido, aceptas quedar sujeto a estos T\u00e9rminos y a nuestra Pol\u00edtica de Privacidad. Si no est\u00e1s de acuerdo, no debes usar el Sitio.<\/p><p class=\"translation-block\"><strong>Nota:<\/strong> Las siguientes pol\u00edticas se incorporan y forman parte de estos T\u00e9rminos por referencia: Pol\u00edtica de Privacidad, Pol\u00edtica de Reembolsos y Devoluciones, Pol\u00edtica de Cambios y Cancelaci\u00f3n de Pedidos, y Pol\u00edtica de Env\u00edos.<\/p>\t\t\t\t\t\t\t\t<\/div>\n\t\t\t\t<\/div>\n\t\t\t\t<div class=\"elementor-element elementor-element-a7e6cf4 elementor-widget elementor-widget-heading\" data-id=\"a7e6cf4\" data-element_type=\"widget\" data-e-type=\"widget\" data-widget_type=\"heading.default\">\n\t\t\t\t<div class=\"elementor-widget-container\">\n\t\t\t\t\t<h2 class=\"elementor-heading-title elementor-size-default\">Definiciones<\/h2>\t\t\t\t<\/div>\n\t\t\t\t<\/div>\n\t\t\t\t<div class=\"elementor-element elementor-element-68b8a8d elementor-widget elementor-widget-text-editor\" data-id=\"68b8a8d\" data-element_type=\"widget\" data-e-type=\"widget\" data-widget_type=\"text-editor.default\">\n\t\t\t\t<div class=\"elementor-widget-container\">\n\t\t\t\t\t\t\t\t\t<p class=\"translation-block\"><strong>Productos:<\/strong> se refiere a la ropa bajo demanda y otros art\u00edculos relacionados disponibles para la venta.<br>\n<strong>Cliente:<\/strong> o \u201ct\u00fa\u201d se refiere a la persona que accede al Sitio o compra Productos.<br>\n<strong>D\u00edas h\u00e1biles:<\/strong> se refiere a lunes a viernes, excluyendo los feriados federales de EE. UU.<\/p>\t\t\t\t\t\t\t\t<\/div>\n\t\t\t\t<\/div>\n\t\t\t\t<div class=\"elementor-element elementor-element-7085bbd elementor-widget elementor-widget-heading\" data-id=\"7085bbd\" data-element_type=\"widget\" data-e-type=\"widget\" data-widget_type=\"heading.default\">\n\t\t\t\t<div class=\"elementor-widget-container\">\n\t\t\t\t\t<h2 class=\"elementor-heading-title elementor-size-default\">Elegibilidad y Registro de Cuenta<\/h2>\t\t\t\t<\/div>\n\t\t\t\t<\/div>\n\t\t\t\t<div class=\"elementor-element elementor-element-0fc11a2 elementor-widget elementor-widget-text-editor\" data-id=\"0fc11a2\" data-element_type=\"widget\" data-e-type=\"widget\" data-widget_type=\"text-editor.default\">\n\t\t\t\t<div class=\"elementor-widget-container\">\n\t\t\t\t\t\t\t\t\t<p>Debes tener al menos 18 a\u00f1os, residir en los Estados Unidos y tener la capacidad legal para celebrar un contrato. Cuando creas una cuenta, aceptas proporcionar informaci\u00f3n precisa y mantenerla actualizada. Eres responsable de proteger tu contrase\u00f1a y de todas las actividades realizadas bajo tu cuenta.<\/p>\t\t\t\t\t\t\t\t<\/div>\n\t\t\t\t<\/div>\n\t\t\t\t<div class=\"elementor-element elementor-element-7df452c elementor-widget elementor-widget-heading\" data-id=\"7df452c\" data-element_type=\"widget\" data-e-type=\"widget\" data-widget_type=\"heading.default\">\n\t\t\t\t<div class=\"elementor-widget-container\">\n\t\t\t\t\t<h2 class=\"elementor-heading-title elementor-size-default\">Informaci\u00f3n de Productos, Precios e Impuestos<\/h2>\t\t\t\t<\/div>\n\t\t\t\t<\/div>\n\t\t\t\t<div class=\"elementor-element elementor-element-e8cdd6f elementor-widget elementor-widget-text-editor\" data-id=\"e8cdd6f\" data-element_type=\"widget\" data-e-type=\"widget\" data-widget_type=\"text-editor.default\">\n\t\t\t\t<div class=\"elementor-widget-container\">\n\t\t\t\t\t\t\t\t\t<p>Todos los precios se muestran en d\u00f3lares estadounidenses e incluyen los impuestos de venta aplicables \u00fanicamente cuando se indique expl\u00edcitamente. Nos reservamos el derecho de cambiar precios o descontinuar Productos en cualquier momento sin previo aviso. Eres responsable de todos los impuestos de venta y uso (calculados en el proceso de pago) y de cualquier tarifa de env\u00edo informada antes de realizar el pedido.<\/p>\t\t\t\t\t\t\t\t<\/div>\n\t\t\t\t<\/div>\n\t\t\t\t<div class=\"elementor-element elementor-element-abea5c1 elementor-widget elementor-widget-heading\" data-id=\"abea5c1\" data-element_type=\"widget\" data-e-type=\"widget\" data-widget_type=\"heading.default\">\n\t\t\t\t<div class=\"elementor-widget-container\">\n\t\t\t\t\t<h2 class=\"elementor-heading-title elementor-size-default\">Pedidos, Pago y Prevenci\u00f3n de Fraude<\/h2>\t\t\t\t<\/div>\n\t\t\t\t<\/div>\n\t\t\t\t<div class=\"elementor-element elementor-element-73860e2 elementor-widget elementor-widget-text-editor\" data-id=\"73860e2\" data-element_type=\"widget\" data-e-type=\"widget\" data-widget_type=\"text-editor.default\">\n\t\t\t\t<div class=\"elementor-widget-container\">\n\t\t\t\t\t\t\t\t\t<p>Los pedidos son ofertas de compra sujetas a aceptaci\u00f3n y disponibilidad. El pago se procesa de forma segura a trav\u00e9s de WooPayments\/Stripe; no almacenamos los n\u00fameros completos de las tarjetas. Podemos cancelar o limitar cantidades si sospechamos fraude, actividad no autorizada o incumplimiento de estos T\u00e9rminos.<\/p>\t\t\t\t\t\t\t\t<\/div>\n\t\t\t\t<\/div>\n\t\t\t\t<div class=\"elementor-element elementor-element-7bfcc73 elementor-widget elementor-widget-heading\" data-id=\"7bfcc73\" data-element_type=\"widget\" data-e-type=\"widget\" data-widget_type=\"heading.default\">\n\t\t\t\t<div class=\"elementor-widget-container\">\n\t\t\t\t\t<h2 class=\"elementor-heading-title elementor-size-default\">Producci\u00f3n y Env\u00edo<\/h2>\t\t\t\t<\/div>\n\t\t\t\t<\/div>\n\t\t\t\t<div class=\"elementor-element elementor-element-75e7db7 elementor-widget elementor-widget-text-editor\" data-id=\"75e7db7\" data-element_type=\"widget\" data-e-type=\"widget\" data-widget_type=\"text-editor.default\">\n\t\t\t\t<div class=\"elementor-widget-container\">\n\t\t\t\t\t\t\t\t\t<p>Los productos se imprimen bajo demanda a trav\u00e9s de nuestro socio de cumplimiento, Printful. El tiempo t\u00edpico de producci\u00f3n es de 2 a 7 d\u00edas h\u00e1biles, despu\u00e9s de lo cual el pedido es enviado. Los tiempos estimados de entrega se muestran durante el proceso de pago, pero no est\u00e1n garantizados; los retrasos causados por transportistas o por eventos fuera de nuestro control no constituyen un incumplimiento.<\/p>\t\t\t\t\t\t\t\t<\/div>\n\t\t\t\t<\/div>\n\t\t\t\t<div class=\"elementor-element elementor-element-d42e72f elementor-widget elementor-widget-text-editor\" data-id=\"d42e72f\" data-element_type=\"widget\" data-e-type=\"widget\" data-widget_type=\"text-editor.default\">\n\t\t\t\t<div class=\"elementor-widget-container\">\n\t\t\t\t\t\t\t\t\t<p>Por favor refi\u00e9rase a nuestra <a href=\"https:\/\/frescazo.style\/es\/shipping-policy\/\" data-type=\"link\" data-id=\"https:\/\/frescazo.style\/shipping-policy\/\">Pol\u00edtica de Env\u00edos<\/a>.<\/p>\t\t\t\t\t\t\t\t<\/div>\n\t\t\t\t<\/div>\n\t\t\t\t<div class=\"elementor-element elementor-element-4eb0f85 elementor-widget elementor-widget-heading\" data-id=\"4eb0f85\" data-element_type=\"widget\" data-e-type=\"widget\" data-widget_type=\"heading.default\">\n\t\t\t\t<div class=\"elementor-widget-container\">\n\t\t\t\t\t<h2 class=\"elementor-heading-title elementor-size-default\">Devoluciones y Cambios<\/h2>\t\t\t\t<\/div>\n\t\t\t\t<\/div>\n\t\t\t\t<div class=\"elementor-element elementor-element-b700a13 elementor-widget elementor-widget-text-editor\" data-id=\"b700a13\" data-element_type=\"widget\" data-e-type=\"widget\" data-widget_type=\"text-editor.default\">\n\t\t\t\t<div class=\"elementor-widget-container\">\n\t\t\t\t\t\t\t\t\t<p>Debido a que cada art\u00edculo se imprime de manera personalizada, aceptamos devoluciones o reemplazos \u00fanicamente por: (a) defectos de fabricaci\u00f3n, (b) impresiones incorrectas o (c) productos da\u00f1ados durante el transporte. Debes contactarnos dentro de los 10 d\u00edas posteriores a la entrega con evidencia fotogr\u00e1fica. Las reclamaciones aprobadas recibir\u00e1n un reemplazo o reembolso a nuestra discreci\u00f3n. Los cambios de talla o color que no sean resultado de un error nuestro no son elegibles.<\/p>\t\t\t\t\t\t\t\t<\/div>\n\t\t\t\t<\/div>\n\t\t\t\t<div class=\"elementor-element elementor-element-4a1819c elementor-widget elementor-widget-text-editor\" data-id=\"4a1819c\" data-element_type=\"widget\" data-e-type=\"widget\" data-widget_type=\"text-editor.default\">\n\t\t\t\t<div class=\"elementor-widget-container\">\n\t\t\t\t\t\t\t\t\t<p>Por favor refi\u00e9rase a nuestra <a href=\"https:\/\/frescazo.style\/es\/changes_cancellation\/\" data-type=\"link\" data-id=\"https:\/\/frescazo.style\/changes_cancellation\/\">Pol\u00edtica de cambios y Cancelaciones de pedidos<\/a> y nuestra <a href=\"https:\/\/frescazo.style\/es\/refund_returns\/\">Pol\u00edtica de reembolsos y devoluciones<\/a>.<\/p>\t\t\t\t\t\t\t\t<\/div>\n\t\t\t\t<\/div>\n\t\t\t\t<div class=\"elementor-element elementor-element-4510543 elementor-widget elementor-widget-heading\" data-id=\"4510543\" data-element_type=\"widget\" data-e-type=\"widget\" data-widget_type=\"heading.default\">\n\t\t\t\t<div class=\"elementor-widget-container\">\n\t\t\t\t\t<h2 class=\"elementor-heading-title elementor-size-default\">Propiedad Intelectual<\/h2>\t\t\t\t<\/div>\n\t\t\t\t<\/div>\n\t\t\t\t<div class=\"elementor-element elementor-element-4a9293e elementor-widget elementor-widget-text-editor\" data-id=\"4a9293e\" data-element_type=\"widget\" data-e-type=\"widget\" data-widget_type=\"text-editor.default\">\n\t\t\t\t<div class=\"elementor-widget-container\">\n\t\t\t\t\t\t\t\t\t<p>El Sitio, los logotipos, los gr\u00e1ficos y todo el contenido original son propiedad de Frescazo Style o de sus licenciantes, y est\u00e1n protegidos por las leyes de derechos de autor y marcas registradas de los Estados Unidos. No puedes reproducir, modificar o distribuir ning\u00fan contenido sin nuestro consentimiento previo por escrito.<\/p>\t\t\t\t\t\t\t\t<\/div>\n\t\t\t\t<\/div>\n\t\t\t\t<div class=\"elementor-element elementor-element-239b819 elementor-widget elementor-widget-heading\" data-id=\"239b819\" data-element_type=\"widget\" data-e-type=\"widget\" data-widget_type=\"heading.default\">\n\t\t\t\t<div class=\"elementor-widget-container\">\n\t\t\t\t\t<h2 class=\"elementor-heading-title elementor-size-default\">Contenido Generado por el Usuario<\/h2>\t\t\t\t<\/div>\n\t\t\t\t<\/div>\n\t\t\t\t<div class=\"elementor-element elementor-element-c56ddec elementor-widget elementor-widget-text-editor\" data-id=\"c56ddec\" data-element_type=\"widget\" data-e-type=\"widget\" data-widget_type=\"text-editor.default\">\n\t\t\t\t<div class=\"elementor-widget-container\">\n\t\t\t\t\t\t\t\t\t<p data-start=\"7846\" data-end=\"7920\">Si env\u00edas rese\u00f1as, im\u00e1genes u otro contenido (\u201cUGC\u201d), nos otorgas una licencia no exclusiva, libre de regal\u00edas y v\u00e1lida mundialmente para usar, reproducir y mostrar dicho UGC con fines promocionales. Declaras que eres propietario del contenido o que tienes permiso para compartirlo, y que dicho contenido no infringe derechos de terceros.<\/p>\t\t\t\t\t\t\t\t<\/div>\n\t\t\t\t<\/div>\n\t\t\t\t<div class=\"elementor-element elementor-element-a771b27 elementor-widget elementor-widget-heading\" data-id=\"a771b27\" data-element_type=\"widget\" data-e-type=\"widget\" data-widget_type=\"heading.default\">\n\t\t\t\t<div class=\"elementor-widget-container\">\n\t\t\t\t\t<h2 class=\"elementor-heading-title elementor-size-default\">Conducta Prohibida<\/h2>\t\t\t\t<\/div>\n\t\t\t\t<\/div>\n\t\t\t\t<div class=\"elementor-element elementor-element-51a350a elementor-widget elementor-widget-text-editor\" data-id=\"51a350a\" data-element_type=\"widget\" data-e-type=\"widget\" data-widget_type=\"text-editor.default\">\n\t\t\t\t<div class=\"elementor-widget-container\">\n\t\t\t\t\t\t\t\t\t<p>Aceptas no:<\/p><ul><li>Usar el Sitio para fines il\u00edcitos;<\/li><li>Subir contenido que sea ofensivo, infrinja derechos o sea obsceno;<\/li><li>Evadir o violar medidas de seguridad;<\/li><li>Participar en scraping, miner\u00eda de datos o accesos automatizados.<\/li><\/ul>\t\t\t\t\t\t\t\t<\/div>\n\t\t\t\t<\/div>\n\t\t\t\t<div class=\"elementor-element elementor-element-113ef20 elementor-widget elementor-widget-heading\" data-id=\"113ef20\" data-element_type=\"widget\" data-e-type=\"widget\" data-widget_type=\"heading.default\">\n\t\t\t\t<div class=\"elementor-widget-container\">\n\t\t\t\t\t<h2 class=\"elementor-heading-title elementor-size-default\">Descargo de Garant\u00edas<\/h2>\t\t\t\t<\/div>\n\t\t\t\t<\/div>\n\t\t\t\t<div class=\"elementor-element elementor-element-d6d67d7 elementor-widget elementor-widget-text-editor\" data-id=\"d6d67d7\" data-element_type=\"widget\" data-e-type=\"widget\" data-widget_type=\"text-editor.default\">\n\t\t\t\t<div class=\"elementor-widget-container\">\n\t\t\t\t\t\t\t\t\t<p>Los Productos se proporcionan \u201ctal cual\u201d y \u201cseg\u00fan disponibilidad\u201d. En la m\u00e1xima medida permitida por la ley, Frescazo Style rechaza toda garant\u00eda, expresa o impl\u00edcita, incluyendo garant\u00edas de comerciabilidad, idoneidad para un prop\u00f3sito particular y no infracci\u00f3n.<\/p>\t\t\t\t\t\t\t\t<\/div>\n\t\t\t\t<\/div>\n\t\t\t\t<div class=\"elementor-element elementor-element-9471f32 elementor-widget elementor-widget-heading\" data-id=\"9471f32\" data-element_type=\"widget\" data-e-type=\"widget\" data-widget_type=\"heading.default\">\n\t\t\t\t<div class=\"elementor-widget-container\">\n\t\t\t\t\t<h2 class=\"elementor-heading-title elementor-size-default\">Limitaci\u00f3n de Responsabilidad<\/h2>\t\t\t\t<\/div>\n\t\t\t\t<\/div>\n\t\t\t\t<div class=\"elementor-element elementor-element-a74e916 elementor-widget elementor-widget-text-editor\" data-id=\"a74e916\" data-element_type=\"widget\" data-e-type=\"widget\" data-widget_type=\"text-editor.default\">\n\t\t\t\t<div class=\"elementor-widget-container\">\n\t\t\t\t\t\t\t\t\t<p>En ning\u00fan caso Frescazo Style, sus propietarios o sus proveedores ser\u00e1n responsables por da\u00f1os indirectos, incidentales, especiales o consecuentes. Nuestra responsabilidad total por cualquier reclamo no exceder\u00e1 el monto que pagaste por el Producto que dio origen al reclamo. Algunos estados no permiten ciertas exclusiones, por lo que estas limitaciones pueden no aplicarse a ti.<\/p>\t\t\t\t\t\t\t\t<\/div>\n\t\t\t\t<\/div>\n\t\t\t\t<div class=\"elementor-element elementor-element-b88856d elementor-widget elementor-widget-heading\" data-id=\"b88856d\" data-element_type=\"widget\" data-e-type=\"widget\" data-widget_type=\"heading.default\">\n\t\t\t\t<div class=\"elementor-widget-container\">\n\t\t\t\t\t<h2 class=\"elementor-heading-title elementor-size-default\">Indemnizaci\u00f3n<\/h2>\t\t\t\t<\/div>\n\t\t\t\t<\/div>\n\t\t\t\t<div class=\"elementor-element elementor-element-897d55f elementor-widget elementor-widget-text-editor\" data-id=\"897d55f\" data-element_type=\"widget\" data-e-type=\"widget\" data-widget_type=\"text-editor.default\">\n\t\t\t\t<div class=\"elementor-widget-container\">\n\t\t\t\t\t\t\t\t\t<p>Aceptas indemnizar y eximir de responsabilidad a Frescazo Style por cualquier reclamo, da\u00f1o o gasto (incluyendo honorarios de abogados) que surja de tu incumplimiento de estos T\u00e9rminos o del uso indebido del Sitio.<\/p>\t\t\t\t\t\t\t\t<\/div>\n\t\t\t\t<\/div>\n\t\t\t\t<div class=\"elementor-element elementor-element-c112464 elementor-widget elementor-widget-heading\" data-id=\"c112464\" data-element_type=\"widget\" data-e-type=\"widget\" data-widget_type=\"heading.default\">\n\t\t\t\t<div class=\"elementor-widget-container\">\n\t\t\t\t\t<h2 class=\"elementor-heading-title elementor-size-default\">Ley Aplicable y Resoluci\u00f3n de Disputas<\/h2>\t\t\t\t<\/div>\n\t\t\t\t<\/div>\n\t\t\t\t<div class=\"elementor-element elementor-element-e00f5ba elementor-widget elementor-widget-text-editor\" data-id=\"e00f5ba\" data-element_type=\"widget\" data-e-type=\"widget\" data-widget_type=\"text-editor.default\">\n\t\t\t\t<div class=\"elementor-widget-container\">\n\t\t\t\t\t\t\t\t\t<p>Estos T\u00e9rminos se rigen por las leyes del Estado de Carolina del Norte, sin considerar los principios sobre conflictos de leyes. Cualquier disputa deber\u00e1 resolverse en los tribunales estatales o federales ubicados en el Condado de Mecklenburg, Carolina del Norte, y aceptas la jurisdicci\u00f3n personal en ellos. Renuncias a los derechos de acciones colectivas y aceptas presentar cualquier reclamo de manera individual.<\/p>\t\t\t\t\t\t\t\t<\/div>\n\t\t\t\t<\/div>\n\t\t\t\t<div class=\"elementor-element elementor-element-03bd4c4 elementor-widget elementor-widget-heading\" data-id=\"03bd4c4\" data-element_type=\"widget\" data-e-type=\"widget\" data-widget_type=\"heading.default\">\n\t\t\t\t<div class=\"elementor-widget-container\">\n\t\t\t\t\t<h2 class=\"elementor-heading-title elementor-size-default\">Modificaciones<\/h2>\t\t\t\t<\/div>\n\t\t\t\t<\/div>\n\t\t\t\t<div class=\"elementor-element elementor-element-5b91a36 elementor-widget elementor-widget-text-editor\" data-id=\"5b91a36\" data-element_type=\"widget\" data-e-type=\"widget\" data-widget_type=\"text-editor.default\">\n\t\t\t\t<div class=\"elementor-widget-container\">\n\t\t\t\t\t\t\t\t\t<p>Podemos actualizar estos T\u00e9rminos en cualquier momento. Los cambios importantes se publicar\u00e1n en el Sitio y, cuando sea posible, se enviar\u00e1n por correo electr\u00f3nico a los titulares de cuentas. El uso continuo del Sitio despu\u00e9s de las modificaciones constituye la aceptaci\u00f3n de los T\u00e9rminos actualizados.<\/p>\t\t\t\t\t\t\t\t<\/div>\n\t\t\t\t<\/div>\n\t\t\t\t<div class=\"elementor-element elementor-element-34a32aa elementor-widget elementor-widget-heading\" data-id=\"34a32aa\" data-element_type=\"widget\" data-e-type=\"widget\" data-widget_type=\"heading.default\">\n\t\t\t\t<div class=\"elementor-widget-container\">\n\t\t\t\t\t<h2 class=\"elementor-heading-title elementor-size-default\">Divisibilidad<\/h2>\t\t\t\t<\/div>\n\t\t\t\t<\/div>\n\t\t\t\t<div class=\"elementor-element elementor-element-c153354 elementor-widget elementor-widget-text-editor\" data-id=\"c153354\" data-element_type=\"widget\" data-e-type=\"widget\" data-widget_type=\"text-editor.default\">\n\t\t\t\t<div class=\"elementor-widget-container\">\n\t\t\t\t\t\t\t\t\t<p>Si alguna disposici\u00f3n de estos T\u00e9rminos se considera ilegal o inaplicable, las disposiciones restantes permanecer\u00e1n en pleno efecto.<\/p>\t\t\t\t\t\t\t\t<\/div>\n\t\t\t\t<\/div>\n\t\t\t\t<div class=\"elementor-element elementor-element-549ebfb elementor-widget elementor-widget-heading\" data-id=\"549ebfb\" data-element_type=\"widget\" data-e-type=\"widget\" data-widget_type=\"heading.default\">\n\t\t\t\t<div class=\"elementor-widget-container\">\n\t\t\t\t\t<h2 class=\"elementor-heading-title elementor-size-default\">Contacto<\/h2>\t\t\t\t<\/div>\n\t\t\t\t<\/div>\n\t\t\t\t<div class=\"elementor-element elementor-element-171222c elementor-widget elementor-widget-text-editor\" data-id=\"171222c\" data-element_type=\"widget\" data-e-type=\"widget\" data-widget_type=\"text-editor.default\">\n\t\t\t\t<div class=\"elementor-widget-container\">\n\t\t\t\t\t\t\t\t\t<p class=\"translation-block\">Las preguntas sobre estos T\u00e9rminos deben enviarse a <strong><a class=\"cursor-pointer\" href=\"mailto:privacy@frescazo.style\" rel=\"noopener\" target=\"_self\">privacy@frescazo.style\n<\/a><\/strong>.<\/p>\t\t\t\t\t\t\t\t<\/div>\n\t\t\t\t<\/div>\n\t\t\t\t<div class=\"elementor-element elementor-element-44d6904 elementor-widget-divider--view-line elementor-widget elementor-widget-divider\" data-id=\"44d6904\" data-element_type=\"widget\" data-e-type=\"widget\" data-widget_type=\"divider.default\">\n\t\t\t\t<div class=\"elementor-widget-container\">\n\t\t\t\t\t\t\t<div class=\"elementor-divider\">\n\t\t\t<span class=\"elementor-divider-separator\">\n\t\t\t\t\t\t<\/span>\n\t\t<\/div>\n\t\t\t\t\t\t<\/div>\n\t\t\t\t<\/div>\n\t\t\t\t<div class=\"elementor-element elementor-element-666163c elementor-widget elementor-widget-text-editor\" data-id=\"666163c\" data-element_type=\"widget\" data-e-type=\"widget\" data-widget_type=\"text-editor.default\">\n\t\t\t\t<div class=\"elementor-widget-container\">\n\t\t\t\t\t\t\t\t\t<p style=\"text-align: right;\"><em>Pol\u00edticas de Frescazo Style<\/em><\/p>\t\t\t\t\t\t\t\t<\/div>\n\t\t\t\t<\/div>\n\t\t\t\t\t<\/div>\n\t\t\t\t<\/div>\n\t\t\t\t<\/div>","protected":false},"excerpt":{"rendered":"<p>Terms &amp; Conditions Frescazo Style Policies Last Updated: November 28, 2025 Introduction These Terms &amp;\u202fConditions (\u201cTerms\u201d) govern your access to and use of frescazo.style (the \u201cSite\u201d) and any purchase of products or services offered by Frescazo\u202fStyle\u202fLLC (\u201cFrescazo Style,\u201d \u201cwe,\u201d \u201cus,\u201d or \u201cour\u201d). By accessing the Site, creating an account, or placing an order, you agree [&hellip;]<\/p>\n","protected":false},"author":1,"featured_media":3771,"parent":0,"menu_order":0,"comment_status":"closed","ping_status":"closed","template":"elementor_header_footer","meta":{"rs_blank_template":"","rs_page_bg_color":"","slide_template_v7":"","footnotes":""},"class_list":["post-3979","page","type-page","status-publish","has-post-thumbnail","hentry"],"blocksy_meta":[],"jetpack_sharing_enabled":true,"_links":{"self":[{"href":"https:\/\/frescazo.style\/es\/wp-json\/wp\/v2\/pages\/3979","targetHints":{"allow":["GET"]}}],"collection":[{"href":"https:\/\/frescazo.style\/es\/wp-json\/wp\/v2\/pages"}],"about":[{"href":"https:\/\/frescazo.style\/es\/wp-json\/wp\/v2\/types\/page"}],"author":[{"embeddable":true,"href":"https:\/\/frescazo.style\/es\/wp-json\/wp\/v2\/users\/1"}],"replies":[{"embeddable":true,"href":"https:\/\/frescazo.style\/es\/wp-json\/wp\/v2\/comments?post=3979"}],"version-history":[{"count":9,"href":"https:\/\/frescazo.style\/es\/wp-json\/wp\/v2\/pages\/3979\/revisions"}],"predecessor-version":[{"id":7381,"href":"https:\/\/frescazo.style\/es\/wp-json\/wp\/v2\/pages\/3979\/revisions\/7381"}],"wp:featuredmedia":[{"embeddable":true,"href":"https:\/\/frescazo.style\/es\/wp-json\/wp\/v2\/media\/3771"}],"wp:attachment":[{"href":"https:\/\/frescazo.style\/es\/wp-json\/wp\/v2\/media?parent=3979"}],"curies":[{"name":"wp","href":"https:\/\/api.w.org\/{rel}","templated":true}]}}