{"id":10,"date":"2025-07-20T18:24:44","date_gmt":"2025-07-20T22:24:44","guid":{"rendered":"https:\/\/frescazo.style\/?page_id=10"},"modified":"2025-11-28T21:43:21","modified_gmt":"2025-11-29T02:43:21","slug":"refund_returns","status":"publish","type":"page","link":"https:\/\/frescazo.style\/es\/refund_returns\/","title":{"rendered":"Pol\u00edtica de reembolsos y devoluciones"},"content":{"rendered":"<div data-elementor-type=\"wp-page\" data-elementor-id=\"10\" class=\"elementor elementor-10\" data-elementor-post-type=\"page\">\n\t\t\t\t<div class=\"elementor-element elementor-element-744df374 e-con-full section-title e-flex e-con e-parent\" data-id=\"744df374\" data-element_type=\"container\" data-e-type=\"container\" data-settings=\"{&quot;background_background&quot;:&quot;classic&quot;,&quot;shape_divider_bottom&quot;:&quot;opacity-fan&quot;}\">\n\t\t\t\t<div class=\"elementor-shape elementor-shape-bottom\" aria-hidden=\"true\" data-negative=\"false\">\n\t\t\t<svg xmlns=\"http:\/\/www.w3.org\/2000\/svg\" viewbox=\"0 0 283.5 19.6\" preserveaspectratio=\"none\">\n\t<path class=\"elementor-shape-fill\" style=\"opacity:0.33\" d=\"M0 0L0 18.8 141.8 4.1 283.5 18.8 283.5 0z\"\/>\n\t<path class=\"elementor-shape-fill\" style=\"opacity:0.33\" d=\"M0 0L0 12.6 141.8 4 283.5 12.6 283.5 0z\"\/>\n\t<path class=\"elementor-shape-fill\" style=\"opacity:0.33\" d=\"M0 0L0 6.4 141.8 4 283.5 6.4 283.5 0z\"\/>\n\t<path class=\"elementor-shape-fill\" d=\"M0 0L0 1.2 141.8 4 283.5 1.2 283.5 0z\"\/>\n<\/svg>\t\t<\/div>\n\t\t\t\t<div class=\"elementor-element elementor-element-8d2c4c1 elementor-widget elementor-widget-heading\" data-id=\"8d2c4c1\" data-element_type=\"widget\" data-e-type=\"widget\" data-widget_type=\"heading.default\">\n\t\t\t\t<div class=\"elementor-widget-container\">\n\t\t\t\t\t<h2 class=\"elementor-heading-title elementor-size-default\">Pol\u00edtica de reembolsos y devoluciones<\/h2>\t\t\t\t<\/div>\n\t\t\t\t<\/div>\n\t\t\t\t<div class=\"elementor-element elementor-element-b60c568 elementor-widget elementor-widget-heading\" data-id=\"b60c568\" data-element_type=\"widget\" data-e-type=\"widget\" data-widget_type=\"heading.default\">\n\t\t\t\t<div class=\"elementor-widget-container\">\n\t\t\t\t\t<h4 class=\"elementor-heading-title elementor-size-default\">Pol\u00edticas de Frescazo Style<\/h4>\t\t\t\t<\/div>\n\t\t\t\t<\/div>\n\t\t\t\t<\/div>\n\t\t<div class=\"elementor-element elementor-element-95c0c37 e-flex e-con-boxed e-con e-parent\" data-id=\"95c0c37\" data-element_type=\"container\" data-e-type=\"container\">\n\t\t\t\t\t<div class=\"e-con-inner\">\n\t\t\t\t<div class=\"elementor-element elementor-element-a88fcb0 elementor-widget elementor-widget-text-editor\" data-id=\"a88fcb0\" data-element_type=\"widget\" data-e-type=\"widget\" data-widget_type=\"text-editor.default\">\n\t\t\t\t<div class=\"elementor-widget-container\">\n\t\t\t\t\t\t\t\t\t<p><strong>\u00daltima actualizaci\u00f3n:<\/strong> 28 de Noviembre, 2025<\/p>\t\t\t\t\t\t\t\t<\/div>\n\t\t\t\t<\/div>\n\t\t\t\t<div class=\"elementor-element elementor-element-a184f84 elementor-widget elementor-widget-heading\" data-id=\"a184f84\" data-element_type=\"widget\" data-e-type=\"widget\" data-widget_type=\"heading.default\">\n\t\t\t\t<div class=\"elementor-widget-container\">\n\t\t\t\t\t<h2 class=\"elementor-heading-title elementor-size-default\">Alcance<\/h2>\t\t\t\t<\/div>\n\t\t\t\t<\/div>\n\t\t\t\t<div class=\"elementor-element elementor-element-599b692 elementor-widget elementor-widget-text-editor\" data-id=\"599b692\" data-element_type=\"widget\" data-e-type=\"widget\" data-widget_type=\"text-editor.default\">\n\t\t\t\t<div class=\"elementor-widget-container\">\n\t\t\t\t\t\t\t\t\t<p>Esta Pol\u00edtica aplica a todas las compras realizadas en frescazo.style y regula las circunstancias bajo las cuales Frescazo Style LLC (\u201cnosotros\u201d, \u201cnos\u201d, \u201cnuestro\u201d) emitir\u00e1 reembolsos, reemplazos o devoluciones. Al completar una compra, t\u00fa (\u201cCliente\u201d) aceptas los t\u00e9rminos descritos a continuaci\u00f3n. Los clientes deben tener 18 a\u00f1os o m\u00e1s y residir en los Estados Unidos.<\/p>\t\t\t\t\t\t\t\t<\/div>\n\t\t\t\t<\/div>\n\t\t\t\t<div class=\"elementor-element elementor-element-661205d elementor-widget elementor-widget-heading\" data-id=\"661205d\" data-element_type=\"widget\" data-e-type=\"widget\" data-widget_type=\"heading.default\">\n\t\t\t\t<div class=\"elementor-widget-container\">\n\t\t\t\t\t<h2 class=\"elementor-heading-title elementor-size-default\">Principio de Producci\u00f3n Bajo Demanda<\/h2>\t\t\t\t<\/div>\n\t\t\t\t<\/div>\n\t\t\t\t<div class=\"elementor-element elementor-element-f248428 elementor-widget elementor-widget-text-editor\" data-id=\"f248428\" data-element_type=\"widget\" data-e-type=\"widget\" data-widget_type=\"text-editor.default\">\n\t\t\t\t<div class=\"elementor-widget-container\">\n\t\t\t\t\t\t\t\t\t<p>Todos los Productos se imprimen bajo demanda y se fabrican individualmente para cada pedido; por lo tanto, no mantenemos inventario para reventa. Como resultado, no aceptamos devoluciones o cambios por talla, color o cambio de opini\u00f3n.<\/p>\t\t\t\t\t\t\t\t<\/div>\n\t\t\t\t<\/div>\n\t\t\t\t<div class=\"elementor-element elementor-element-c4f9f83 elementor-widget elementor-widget-heading\" data-id=\"c4f9f83\" data-element_type=\"widget\" data-e-type=\"widget\" data-widget_type=\"heading.default\">\n\t\t\t\t<div class=\"elementor-widget-container\">\n\t\t\t\t\t<h2 class=\"elementor-heading-title elementor-size-default\">Reclamaciones Elegibles<\/h2>\t\t\t\t<\/div>\n\t\t\t\t<\/div>\n\t\t\t\t<div class=\"elementor-element elementor-element-0ade70d elementor-widget elementor-widget-text-editor\" data-id=\"0ade70d\" data-element_type=\"widget\" data-e-type=\"widget\" data-widget_type=\"text-editor.default\">\n\t\t\t\t<div class=\"elementor-widget-container\">\n\t\t\t\t\t\t\t\t\t<p data-start=\"1231\" data-end=\"1324\" class=\"translation-block\">Reemplazaremos el art\u00edculo <strong>o<\/strong> reembolsaremos el pago original (a nuestra entera discreci\u00f3n) solo si:<\/p>\n<ol data-start=\"1326\" data-end=\"1681\">\n<li data-start=\"1326\" data-end=\"1431\">\n<p data-start=\"1329\" data-end=\"1431\">El producto llega con una impresi\u00f3n incorrecta, defectuoso o da\u00f1ado.<\/p>\n<\/li>\n<li data-start=\"1432\" data-end=\"1567\">\n<p data-start=\"1435\" data-end=\"1567\">El producto se pierde durante el env\u00edo o se entrega a la direcci\u00f3n equivocada debido a un error en nuestra etiqueta.<\/p>\n<\/li>\n<li data-start=\"1568\" data-end=\"1681\">\n<p data-start=\"1571\" data-end=\"1681\">El producto difiere materialmente de la descripci\u00f3n mostrada en el Sitio.<\/p>\n<\/li>\n<\/ol>\n<p data-start=\"1683\" data-end=\"1897\">Ninguna otra raz\u00f3n califica para reembolso o reemplazo, incluyendo, entre otras: tallas incorrectas, pedidos duplicados por error o retrasos en la entrega fuera de nuestro control directo.<\/p>\t\t\t\t\t\t\t\t<\/div>\n\t\t\t\t<\/div>\n\t\t\t\t<div class=\"elementor-element elementor-element-70d81a7 elementor-widget elementor-widget-heading\" data-id=\"70d81a7\" data-element_type=\"widget\" data-e-type=\"widget\" data-widget_type=\"heading.default\">\n\t\t\t\t<div class=\"elementor-widget-container\">\n\t\t\t\t\t<h2 class=\"elementor-heading-title elementor-size-default\">L\u00edmite de Tiempo<\/h2>\t\t\t\t<\/div>\n\t\t\t\t<\/div>\n\t\t\t\t<div class=\"elementor-element elementor-element-189072a elementor-widget elementor-widget-text-editor\" data-id=\"189072a\" data-element_type=\"widget\" data-e-type=\"widget\" data-widget_type=\"text-editor.default\">\n\t\t\t\t<div class=\"elementor-widget-container\">\n\t\t\t\t\t\t\t\t\t<p data-start=\"1231\" data-end=\"1324\">Todas las reclamaciones elegibles deben presentarse dentro de los 5 d\u00edas calendario posteriores a la fecha registrada de entrega (o, para env\u00edos perdidos, dentro de los 5 d\u00edas posteriores a la ventana de entrega estimada). Las reclamaciones enviadas despu\u00e9s de 5 d\u00edas se rechazan autom\u00e1ticamente.<\/p>\t\t\t\t\t\t\t\t<\/div>\n\t\t\t\t<\/div>\n\t\t\t\t<div class=\"elementor-element elementor-element-54520b6 elementor-widget elementor-widget-heading\" data-id=\"54520b6\" data-element_type=\"widget\" data-e-type=\"widget\" data-widget_type=\"heading.default\">\n\t\t\t\t<div class=\"elementor-widget-container\">\n\t\t\t\t\t<h2 class=\"elementor-heading-title elementor-size-default\">Requisitos de Prueba<\/h2>\t\t\t\t<\/div>\n\t\t\t\t<\/div>\n\t\t\t\t<div class=\"elementor-element elementor-element-ac142ea elementor-widget elementor-widget-text-editor\" data-id=\"ac142ea\" data-element_type=\"widget\" data-e-type=\"widget\" data-widget_type=\"text-editor.default\">\n\t\t\t\t<div class=\"elementor-widget-container\">\n\t\t\t\t\t\t\t\t\t<p>Los clientes deben proporcionar:<\/p>\n<ul>\n<li>Fotos claras del producto completo y del defecto\/da\u00f1o, adem\u00e1s del comprobante de empaque.<\/li>\n<li>Para da\u00f1os de env\u00edo, fotos del empaque externo.<\/li>\n<li>El n\u00famero de pedido y una breve descripci\u00f3n del problema.<\/li>\n<\/ul>\n<p>La falta de evidencia adecuada puede resultar en el rechazo de la reclamaci\u00f3n.<\/p>\t\t\t\t\t\t\t\t<\/div>\n\t\t\t\t<\/div>\n\t\t\t\t<div class=\"elementor-element elementor-element-54ff274 elementor-widget elementor-widget-heading\" data-id=\"54ff274\" data-element_type=\"widget\" data-e-type=\"widget\" data-widget_type=\"heading.default\">\n\t\t\t\t<div class=\"elementor-widget-container\">\n\t\t\t\t\t<h2 class=\"elementor-heading-title elementor-size-default\">Autorizaci\u00f3n de Devoluci\u00f3n y RMA<\/h2>\t\t\t\t<\/div>\n\t\t\t\t<\/div>\n\t\t\t\t<div class=\"elementor-element elementor-element-3f72c9e elementor-widget elementor-widget-text-editor\" data-id=\"3f72c9e\" data-element_type=\"widget\" data-e-type=\"widget\" data-widget_type=\"text-editor.default\">\n\t\t\t\t<div class=\"elementor-widget-container\">\n\t\t\t\t\t\t\t\t\t<p>No env\u00edes art\u00edculos de regreso sin autorizaci\u00f3n por escrito. Las devoluciones no autorizadas, incluyendo \u201cRefused\u201d o \u201cReturn to Sender\u201d, no califican para reembolso y pueden ser desechadas o donadas.<\/p>\n<p>Una vez que la reclamaci\u00f3n sea aprobada, te enviaremos por correo electr\u00f3nico un n\u00famero de Autorizaci\u00f3n de Mercanc\u00eda de Devoluci\u00f3n (RMA o Return Merchandise Authorization) y una etiqueta de env\u00edo prepaga, si se requiere una devoluci\u00f3n f\u00edsica. Los art\u00edculos enviados sin el RMA no ser\u00e1n procesados.<\/p>\t\t\t\t\t\t\t\t<\/div>\n\t\t\t\t<\/div>\n\t\t\t\t<div class=\"elementor-element elementor-element-38008f0 elementor-widget elementor-widget-heading\" data-id=\"38008f0\" data-element_type=\"widget\" data-e-type=\"widget\" data-widget_type=\"heading.default\">\n\t\t\t\t<div class=\"elementor-widget-container\">\n\t\t\t\t\t<h2 class=\"elementor-heading-title elementor-size-default\">Reemplazo vs. Reembolso<\/h2>\t\t\t\t<\/div>\n\t\t\t\t<\/div>\n\t\t\t\t<div class=\"elementor-element elementor-element-40a7277 elementor-widget elementor-widget-text-editor\" data-id=\"40a7277\" data-element_type=\"widget\" data-e-type=\"widget\" data-widget_type=\"text-editor.default\">\n\t\t\t\t<div class=\"elementor-widget-container\">\n\t\t\t\t\t\t\t\t\t<ul>\n<li data-start=\"3193\" data-end=\"3275\">\n<p data-start=\"3195\" data-end=\"3275\" class=\"translation-block\"><strong>Reemplazo:<\/strong> soluci\u00f3n predeterminada; se produce y env\u00eda un nuevo art\u00edculo sin costo adicional.<\/p>\n<\/li>\n<li data-start=\"3276\" data-end=\"3527\">\n<p data-start=\"3278\" data-end=\"3426\" class=\"translation-block\"><strong>Reembolso:<\/strong> acreditado al m\u00e9todo de pago original; el procesamiento puede tardar de 5 a 10 d\u00edas h\u00e1biles despu\u00e9s de la aprobaci\u00f3n.<\/p>\nLas tarifas de env\u00edo no son reembolsables a menos que el error sea nuestro.<\/li>\n<\/ul>\t\t\t\t\t\t\t\t<\/div>\n\t\t\t\t<\/div>\n\t\t\t\t<div class=\"elementor-element elementor-element-9e139f0 elementor-widget elementor-widget-heading\" data-id=\"9e139f0\" data-element_type=\"widget\" data-e-type=\"widget\" data-widget_type=\"heading.default\">\n\t\t\t\t<div class=\"elementor-widget-container\">\n\t\t\t\t\t<h2 class=\"elementor-heading-title elementor-size-default\">Reabastecimiento y Eliminaci\u00f3n<\/h2>\t\t\t\t<\/div>\n\t\t\t\t<\/div>\n\t\t\t\t<div class=\"elementor-element elementor-element-eaca85a elementor-widget elementor-widget-text-editor\" data-id=\"eaca85a\" data-element_type=\"widget\" data-e-type=\"widget\" data-widget_type=\"text-editor.default\">\n\t\t\t\t<div class=\"elementor-widget-container\">\n\t\t\t\t\t\t\t\t\t<p data-start=\"3195\" data-end=\"3275\">Los productos defectuosos devueltos se reciclan o eliminan; nunca se revenden. Dado que los art\u00edculos son personalizados, no se aplica tarifa de reabastecimiento; simplemente no se aceptan devoluciones por razones no relacionadas con defectos.<\/p>\t\t\t\t\t\t\t\t<\/div>\n\t\t\t\t<\/div>\n\t\t\t\t<div class=\"elementor-element elementor-element-b783c5e elementor-widget elementor-widget-heading\" data-id=\"b783c5e\" data-element_type=\"widget\" data-e-type=\"widget\" data-widget_type=\"heading.default\">\n\t\t\t\t<div class=\"elementor-widget-container\">\n\t\t\t\t\t<h2 class=\"elementor-heading-title elementor-size-default\">Contracargos y Disputas de Pago No Autorizadas<\/h2>\t\t\t\t<\/div>\n\t\t\t\t<\/div>\n\t\t\t\t<div class=\"elementor-element elementor-element-c28b628 elementor-widget elementor-widget-text-editor\" data-id=\"c28b628\" data-element_type=\"widget\" data-e-type=\"widget\" data-widget_type=\"text-editor.default\">\n\t\t\t\t<div class=\"elementor-widget-container\">\n\t\t\t\t\t\t\t\t\t<p data-start=\"3195\" data-end=\"3275\">Presentar una disputa de pago o contracargo antes de contactarnos invalida la elegibilidad para reembolso o reemplazo hasta que la disputa se resuelva. Nos reservamos el derecho de enviar evidencia (registros de pedidos, seguimiento de env\u00edo) al emisor de la tarjeta.<\/p>\t\t\t\t\t\t\t\t<\/div>\n\t\t\t\t<\/div>\n\t\t\t\t<div class=\"elementor-element elementor-element-2f73e6a elementor-widget elementor-widget-heading\" data-id=\"2f73e6a\" data-element_type=\"widget\" data-e-type=\"widget\" data-widget_type=\"heading.default\">\n\t\t\t\t<div class=\"elementor-widget-container\">\n\t\t\t\t\t<h2 class=\"elementor-heading-title elementor-size-default\">Avisos seg\u00fan Ley Estatal<\/h2>\t\t\t\t<\/div>\n\t\t\t\t<\/div>\n\t\t\t\t<div class=\"elementor-element elementor-element-efea878 elementor-widget elementor-widget-text-editor\" data-id=\"efea878\" data-element_type=\"widget\" data-e-type=\"widget\" data-widget_type=\"text-editor.default\">\n\t\t\t\t<div class=\"elementor-widget-container\">\n\t\t\t\t\t\t\t\t\t<p data-start=\"3195\" data-end=\"3275\">Algunos estados requieren que los t\u00e9rminos de devoluci\u00f3n se publiquen de manera visible; al presentar claramente esta Pol\u00edtica en el Sitio, cumplimos con dichos requisitos.\nNada en esta Pol\u00edtica limita los derechos obligatorios de protecci\u00f3n al consumidor relacionados con productos defectuosos o con informaci\u00f3n incorrecta. <br data-start=\"4369\" data-end=\"4372\" \/>Nothing in this Policy limits mandatory consumer\u2011protection rights relating to defective or misrepresented products.<\/p>\t\t\t\t\t\t\t\t<\/div>\n\t\t\t\t<\/div>\n\t\t\t\t<div class=\"elementor-element elementor-element-c068e38 elementor-widget elementor-widget-heading\" data-id=\"c068e38\" data-element_type=\"widget\" data-e-type=\"widget\" data-widget_type=\"heading.default\">\n\t\t\t\t<div class=\"elementor-widget-container\">\n\t\t\t\t\t<h2 class=\"elementor-heading-title elementor-size-default\">Cambios en la Pol\u00edtica<\/h2>\t\t\t\t<\/div>\n\t\t\t\t<\/div>\n\t\t\t\t<div class=\"elementor-element elementor-element-88f9420 elementor-widget elementor-widget-text-editor\" data-id=\"88f9420\" data-element_type=\"widget\" data-e-type=\"widget\" data-widget_type=\"text-editor.default\">\n\t\t\t\t<div class=\"elementor-widget-container\">\n\t\t\t\t\t\t\t\t\t<p data-start=\"3195\" data-end=\"3275\">Podemos actualizar esta Pol\u00edtica sin aviso previo; la fecha de \u201c\u00daltima actualizaci\u00f3n\u201d refleja la versi\u00f3n m\u00e1s reciente. Los cambios importantes aplican \u00fanicamente a pedidos realizados despu\u00e9s de la fecha revisada.<\/p>\t\t\t\t\t\t\t\t<\/div>\n\t\t\t\t<\/div>\n\t\t\t\t<div class=\"elementor-element elementor-element-05e1de8 elementor-widget elementor-widget-heading\" data-id=\"05e1de8\" data-element_type=\"widget\" data-e-type=\"widget\" data-widget_type=\"heading.default\">\n\t\t\t\t<div class=\"elementor-widget-container\">\n\t\t\t\t\t<h2 class=\"elementor-heading-title elementor-size-default\">Contacto y Env\u00edo de Reclamaciones<\/h2>\t\t\t\t<\/div>\n\t\t\t\t<\/div>\n\t\t\t\t<div class=\"elementor-element elementor-element-3ba35f3 elementor-widget elementor-widget-text-editor\" data-id=\"3ba35f3\" data-element_type=\"widget\" data-e-type=\"widget\" data-widget_type=\"text-editor.default\">\n\t\t\t\t<div class=\"elementor-widget-container\">\n\t\t\t\t\t\t\t\t\t<p data-start=\"4777\" data-end=\"4914\" class=\"translation-block\"><strong>Correo electr\u00f3nico:<\/strong> <strong data-start=\"4784\" data-end=\"4810\"><a class=\"cursor-pointer\" href=\"mailto:returns@frescazo.style\" rel=\"noopener\" data-start=\"4786\" data-end=\"4808\" target=\"_self\">returns@frescazo.style<\/a><\/strong> \n (adjuntar fotos y n\u00famero de pedido)<br>\n<strong>Direcci\u00f3n postal:<\/strong> Por razones de seguridad y log\u00edstica, la direcci\u00f3n exacta de devoluci\u00f3n se proporciona <em>solo despu\u00e9s<\/em> de que la reclamaci\u00f3n sea aprobada y se haya emitido un RMA. Cualquier art\u00edculo enviado sin autorizaci\u00f3n previa ser\u00e1 rechazado.<\/p>\n<p data-start=\"499\" data-end=\"664\" class=\"translation-block\">Nos esforzamos por responder todas las reclamaciones dentro de <strong>dos d\u00edas h\u00e1biles<\/strong>. Las reclamaciones aprobadas normalmente se resuelven dentro de <strong>diez d\u00edas h\u00e1biles<\/strong> despu\u00e9s de recibir evidencia completa.<\/p>\t\t\t\t\t\t\t\t<\/div>\n\t\t\t\t<\/div>\n\t\t\t\t<div class=\"elementor-element elementor-element-7943bfd elementor-widget-divider--view-line elementor-widget elementor-widget-divider\" data-id=\"7943bfd\" data-element_type=\"widget\" data-e-type=\"widget\" data-widget_type=\"divider.default\">\n\t\t\t\t<div class=\"elementor-widget-container\">\n\t\t\t\t\t\t\t<div class=\"elementor-divider\">\n\t\t\t<span class=\"elementor-divider-separator\">\n\t\t\t\t\t\t<\/span>\n\t\t<\/div>\n\t\t\t\t\t\t<\/div>\n\t\t\t\t<\/div>\n\t\t\t\t<div class=\"elementor-element elementor-element-5cb105a elementor-widget elementor-widget-text-editor\" data-id=\"5cb105a\" data-element_type=\"widget\" data-e-type=\"widget\" data-widget_type=\"text-editor.default\">\n\t\t\t\t<div class=\"elementor-widget-container\">\n\t\t\t\t\t\t\t\t\t<p style=\"text-align: right;\"><em>Pol\u00edticas de Frescazo Style<\/em><\/p>\t\t\t\t\t\t\t\t<\/div>\n\t\t\t\t<\/div>\n\t\t\t\t\t<\/div>\n\t\t\t\t<\/div>\n\t\t\t\t<\/div>","protected":false},"excerpt":{"rendered":"<p>Refund and Returns Policy Frescazo Style Policies Last Updated: November 28, 2025 Scope This Policy applies to all purchases made on frescazo.style and governs the circumstances under which Frescazo\u202fStyle\u202fLLC (\u201cwe,\u201d \u201cus,\u201d \u201cour\u201d) will issue refunds, replacements, or returns. By completing a purchase, you (\u201cCustomer\u201d) agree to the terms below. Customers must be 18\u202fyears or older [&hellip;]<\/p>\n","protected":false},"author":1,"featured_media":3771,"parent":0,"menu_order":0,"comment_status":"closed","ping_status":"closed","template":"elementor_header_footer","meta":{"rs_blank_template":"","rs_page_bg_color":"","slide_template_v7":"","footnotes":""},"class_list":["post-10","page","type-page","status-publish","has-post-thumbnail","hentry"],"blocksy_meta":[],"jetpack_sharing_enabled":true,"_links":{"self":[{"href":"https:\/\/frescazo.style\/es\/wp-json\/wp\/v2\/pages\/10","targetHints":{"allow":["GET"]}}],"collection":[{"href":"https:\/\/frescazo.style\/es\/wp-json\/wp\/v2\/pages"}],"about":[{"href":"https:\/\/frescazo.style\/es\/wp-json\/wp\/v2\/types\/page"}],"author":[{"embeddable":true,"href":"https:\/\/frescazo.style\/es\/wp-json\/wp\/v2\/users\/1"}],"replies":[{"embeddable":true,"href":"https:\/\/frescazo.style\/es\/wp-json\/wp\/v2\/comments?post=10"}],"version-history":[{"count":6,"href":"https:\/\/frescazo.style\/es\/wp-json\/wp\/v2\/pages\/10\/revisions"}],"predecessor-version":[{"id":7320,"href":"https:\/\/frescazo.style\/es\/wp-json\/wp\/v2\/pages\/10\/revisions\/7320"}],"wp:featuredmedia":[{"embeddable":true,"href":"https:\/\/frescazo.style\/es\/wp-json\/wp\/v2\/media\/3771"}],"wp:attachment":[{"href":"https:\/\/frescazo.style\/es\/wp-json\/wp\/v2\/media?parent=10"}],"curies":[{"name":"wp","href":"https:\/\/api.w.org\/{rel}","templated":true}]}}